{"id":630,"date":"2024-11-06T00:18:12","date_gmt":"2024-11-05T23:18:12","guid":{"rendered":"https:\/\/die-traurednerin.com\/?page_id=630"},"modified":"2024-11-06T00:37:33","modified_gmt":"2024-11-05T23:37:33","slug":"impressum","status":"publish","type":"page","link":"https:\/\/die-traurednerin.com\/?page_id=630","title":{"rendered":"Impressum"},"content":{"rendered":"\t\t<div data-elementor-type=\"wp-page\" data-elementor-id=\"630\" class=\"elementor elementor-630\" data-elementor-post-type=\"page\">\n\t\t\t\t\t\t<section class=\"elementor-section elementor-top-section elementor-element elementor-element-b386980 elementor-section-boxed elementor-section-height-default elementor-section-height-default\" data-id=\"b386980\" data-element_type=\"section\">\n\t\t\t\t\t\t<div class=\"elementor-container elementor-column-gap-default\">\n\t\t\t\t\t<div class=\"elementor-column elementor-col-100 elementor-top-column elementor-element elementor-element-22d5117\" data-id=\"22d5117\" data-element_type=\"column\">\n\t\t\t<div class=\"elementor-widget-wrap elementor-element-populated\">\n\t\t\t\t\t\t<div class=\"elementor-element elementor-element-f290725 elementor-widget elementor-widget-heading\" data-id=\"f290725\" data-element_type=\"widget\" data-widget_type=\"heading.default\">\n\t\t\t\t<div class=\"elementor-widget-container\">\n\t\t\t<h2 class=\"elementor-heading-title elementor-size-default\">Impressum<\/h2>\t\t<\/div>\n\t\t\t\t<\/div>\n\t\t\t\t\t<\/div>\n\t\t<\/div>\n\t\t\t\t\t<\/div>\n\t\t<\/section>\n\t\t\t\t<section class=\"elementor-section elementor-top-section elementor-element elementor-element-5275e4b elementor-section-boxed elementor-section-height-default elementor-section-height-default\" data-id=\"5275e4b\" data-element_type=\"section\">\n\t\t\t\t\t\t<div class=\"elementor-container elementor-column-gap-default\">\n\t\t\t\t\t<div class=\"elementor-column elementor-col-100 elementor-top-column elementor-element elementor-element-08b8a72\" data-id=\"08b8a72\" data-element_type=\"column\">\n\t\t\t<div class=\"elementor-widget-wrap elementor-element-populated\">\n\t\t\t\t\t\t<div class=\"elementor-element elementor-element-dc4820d elementor-widget__width-initial elementor-widget elementor-widget-text-editor\" data-id=\"dc4820d\" data-element_type=\"widget\" data-widget_type=\"text-editor.default\">\n\t\t\t\t<div class=\"elementor-widget-container\">\n\t\t\t\t\t\t\t<h2><b style=\"color: rgba(var(--kubio-color-6-variant-4),1); font-family: Roboto, Helvetica, Arial, sans-serif, serif; font-size: 18px; letter-spacing: -0.8px;\">Angaben gem\u00e4ss \u00a7 5 DDG<\/b><\/h2><div><b style=\"color: rgba(var(--kubio-color-6-variant-4),1); font-family: Roboto, Helvetica, Arial, sans-serif, serif; font-size: 18px; letter-spacing: -0.8px;\">F<\/b><span style=\"font-weight: bold; letter-spacing: -0.8px; color: rgba(var(--kubio-color-6-variant-4),1);\">reie Trauungen mit Jessica<\/span><\/div><p><span style=\"font-weight: bold; letter-spacing: -0.8px;\">Freie Rednerin<\/span><\/p><div><p><span style=\"font-weight: bold; letter-spacing: -0.8px; color: rgba(var(--kubio-color-6-variant-4),1);\">Ladungsf\u00e4hige Anschrift und Kontakt<\/span><\/p><div><p><b>Jessica Bautz<br \/><\/b><span style=\"font-weight: bold; letter-spacing: -0.8px;\">Wilhelmstra\u00dfe 3<\/span><span style=\"font-weight: bold; letter-spacing: -0.8px;\"><br \/><\/span><span style=\"font-weight: bold; letter-spacing: -0.8px;\">79098 Freiburg im Breisgau<br \/><\/span><b style=\"color: rgba(var(--kubio-color-6-variant-4),1); letter-spacing: -0.8px;\">Tel. 0157 78320109<br \/><\/b><b style=\"color: rgba(var(--kubio-color-6-variant-4),1); letter-spacing: -0.8px;\">Email: Jessicabautzlp@gmail.com<\/b><\/p><p><b style=\"color: rgba(var(--kubio-color-6-variant-4),1); letter-spacing: -0.8px;\">\u00a0<\/b><\/p><h2><b>Haftungsausschluss<\/b><\/h2><p><b>Haftung f\u00fcr Inhalte<\/b><\/p><p><b>Die Inhalte unserer Seiten wurden mit gr\u00f6sster Sorgfalt erstellt. F\u00fcr die Richtigkeit, Vollst\u00e4ndigkeit und Aktualit\u00e4t der Inhalte k\u00f6nnen wir jedoch keine Gew\u00e4hr \u00fcbernehmen. Als Diensteanbieter*innen sind wir gem\u00e4ss \u00a7 7 Abs.1 TMG f\u00fcr eigene Inhalte auf diesen Seiten nach den allgemeinen Gesetzen verantwortlich. Nach \u00a7\u00a7 8 bis 10 TMG sind wir als Diensteanbieter*innen jedoch nicht verpflichtet, \u00fcbermittelte oder gespeicherte fremde Informationen zu \u00fcberwachen oder nach Umst\u00e4nden zu forschen, die auf eine rechtswidrige T\u00e4tigkeit hinweisen. Verpflichtungen zur Entfernung oder Sperrung der Nutzung von Informationen nach den allgemeinen Gesetzen bleiben hiervon unber\u00fchrt. Eine diesbez\u00fcgliche Haftung ist jedoch erst ab dem Zeitpunkt der Kenntnis einer konkreten Rechtsverletzung m\u00f6glich. Bei Bekanntwerden von entsprechenden Rechtsverletzungen werden wir diese Inhalte umgehend entfernen.<\/b><\/p><p><b>Haftung f\u00fcr Links<\/b><\/p><p><b>Unser Angebot enth\u00e4lt Links zu externen Webseiten Dritter, auf deren Inhalte wir keinen Einfluss haben. Deshalb k\u00f6nnen wir f\u00fcr diese fremden Inhalte auch keine Gew\u00e4hr \u00fcbernehmen. F\u00fcr die Inhalte der verlinkten Seiten ist stets der\/die jeweilige Anbieter*in oder Betreiber*in der Seiten verantwortlich. Die verlinkten Seiten wurden zum Zeitpunkt der Verlinkung auf m\u00f6gliche Rechtsverst\u00f6sse \u00fcberpr\u00fcft.\u00a0 Rechtswidrige Inhalte waren zum Zeitpunkt der Verlinkung nicht erkennbar. Eine permanente inhaltliche Kontrolle der verlinkten Seiten ist jedoch ohne konkrete Anhaltspunkte einer Rechtsverletzung\u00a0 nicht zumutbar. Bei Bekanntwerden von Rechtsverletzungen werden wir derartige Links umgehend entfernen.<\/b><\/p><p><b>Urheberrecht<\/b><\/p><p><b>Die durch die Seitenbetreiber*innen erstellten Inhalte und Werke auf diesen Seiten unterliegen dem deutschen Urheberrecht. Die Vervielf\u00e4ltigung, Bearbeitung, Verbreitung und jede Art der Verwertung ausserhalb der Grenzen des Urheberrechtes bed\u00fcrfen der schriftlichen Zustimmung des\/der jeweiligen Autor*in bzw. Ersteller*in. Downloads und Kopien dieser Seite sind nur f\u00fcr den privaten, nicht kommerziellen Gebrauch gestattet. Soweit die Inhalte auf dieser Seite nicht von der\/dem Betreiber*in erstellt wurden, werden die Urheberrechte Dritter beachtet. Insbesondere werden Inhalte Dritter als solche gekennzeichnet. Sollten Sie trotzdem auf eine Urheberrechtsverletzung aufmerksam werden, bitten wir um einen entsprechenden Hinweis. Bei Bekanntwerden von Rechtsverletzungen werden wir derartige Inhalte umgehend entfernen.<\/b><\/p><\/div><\/div>\t\t\t\t\t\t<\/div>\n\t\t\t\t<\/div>\n\t\t\t\t\t<\/div>\n\t\t<\/div>\n\t\t\t\t\t<\/div>\n\t\t<\/section>\n\t\t\t\t<\/div>\n\t\t","protected":false},"excerpt":{"rendered":"<p>Impressum Angaben gem\u00e4ss \u00a7 5 DDG Freie Trauungen mit Jessica Freie Rednerin Ladungsf\u00e4hige Anschrift und Kontakt Jessica BautzWilhelmstra\u00dfe 379098 Freiburg im BreisgauTel. 0157 78320109Email: Jessicabautzlp@gmail.com \u00a0 Haftungsausschluss Haftung f\u00fcr Inhalte Die Inhalte unserer Seiten wurden mit gr\u00f6sster Sorgfalt erstellt. F\u00fcr die Richtigkeit, Vollst\u00e4ndigkeit und Aktualit\u00e4t der Inhalte k\u00f6nnen wir jedoch keine Gew\u00e4hr \u00fcbernehmen. Als Diensteanbieter*innen [&hellip;]<\/p>\n","protected":false},"author":1,"featured_media":0,"parent":0,"menu_order":0,"comment_status":"closed","ping_status":"closed","template":"","meta":{"footnotes":""},"class_list":["post-630","page","type-page","status-publish","hentry"],"_links":{"self":[{"href":"https:\/\/die-traurednerin.com\/index.php?rest_route=\/wp\/v2\/pages\/630","targetHints":{"allow":["GET"]}}],"collection":[{"href":"https:\/\/die-traurednerin.com\/index.php?rest_route=\/wp\/v2\/pages"}],"about":[{"href":"https:\/\/die-traurednerin.com\/index.php?rest_route=\/wp\/v2\/types\/page"}],"author":[{"embeddable":true,"href":"https:\/\/die-traurednerin.com\/index.php?rest_route=\/wp\/v2\/users\/1"}],"replies":[{"embeddable":true,"href":"https:\/\/die-traurednerin.com\/index.php?rest_route=%2Fwp%2Fv2%2Fcomments&post=630"}],"version-history":[{"count":4,"href":"https:\/\/die-traurednerin.com\/index.php?rest_route=\/wp\/v2\/pages\/630\/revisions"}],"predecessor-version":[{"id":636,"href":"https:\/\/die-traurednerin.com\/index.php?rest_route=\/wp\/v2\/pages\/630\/revisions\/636"}],"wp:attachment":[{"href":"https:\/\/die-traurednerin.com\/index.php?rest_route=%2Fwp%2Fv2%2Fmedia&parent=630"}],"curies":[{"name":"wp","href":"https:\/\/api.w.org\/{rel}","templated":true}]}}